{"id":1543,"date":"2022-06-29T11:37:40","date_gmt":"2022-06-29T14:37:40","guid":{"rendered":"https:\/\/aliampsi.com\/?page_id=1543"},"modified":"2024-03-13T07:59:45","modified_gmt":"2024-03-13T10:59:45","slug":"noticias","status":"publish","type":"page","link":"https:\/\/aliampsi.com\/?page_id=1543","title":{"rendered":"Noticias"},"content":{"rendered":"\t\t<div data-elementor-type=\"wp-page\" data-elementor-id=\"1543\" class=\"elementor elementor-1543\" data-elementor-post-type=\"page\">\n\t\t\t\t\t\t<section data-particle_enable=\"false\" data-particle-mobile-disabled=\"false\" class=\"elementor-section elementor-top-section elementor-element elementor-element-8b9cb85 elementor-section-height-min-height elementor-section-boxed elementor-section-height-default elementor-section-items-middle\" data-id=\"8b9cb85\" data-element_type=\"section\" data-e-type=\"section\" data-settings=\"{&quot;background_background&quot;:&quot;classic&quot;}\">\n\t\t\t\t\t\t<div class=\"elementor-container elementor-column-gap-no\">\n\t\t\t\t\t<div class=\"elementor-column elementor-col-100 elementor-top-column elementor-element elementor-element-12ddf7d\" data-id=\"12ddf7d\" data-element_type=\"column\" data-e-type=\"column\">\n\t\t\t<div class=\"elementor-widget-wrap elementor-element-populated\">\n\t\t\t\t\t\t<div class=\"elementor-element elementor-element-add9e66 elementor-widget elementor-widget-heading\" data-id=\"add9e66\" data-element_type=\"widget\" data-e-type=\"widget\" data-widget_type=\"heading.default\">\n\t\t\t\t<div class=\"elementor-widget-container\">\n\t\t\t\t\t<h2 class=\"elementor-heading-title elementor-size-default\">Noticias<\/h2>\t\t\t\t<\/div>\n\t\t\t\t<\/div>\n\t\t\t\t<div class=\"elementor-element elementor-element-2d5afb2 elementor-widget-divider--view-line elementor-widget elementor-widget-divider\" data-id=\"2d5afb2\" data-element_type=\"widget\" data-e-type=\"widget\" data-widget_type=\"divider.default\">\n\t\t\t\t<div class=\"elementor-widget-container\">\n\t\t\t\t\t\t\t<div class=\"elementor-divider\">\n\t\t\t<span class=\"elementor-divider-separator\">\n\t\t\t\t\t\t<\/span>\n\t\t<\/div>\n\t\t\t\t\t\t<\/div>\n\t\t\t\t<\/div>\n\t\t\t\t\t<\/div>\n\t\t<\/div>\n\t\t\t\t\t<\/div>\n\t\t<\/section>\n\t\t\t\t<section data-particle_enable=\"false\" data-particle-mobile-disabled=\"false\" class=\"elementor-section elementor-top-section elementor-element elementor-element-673693c elementor-section-boxed elementor-section-height-default elementor-section-height-default\" data-id=\"673693c\" data-element_type=\"section\" data-e-type=\"section\">\n\t\t\t\t\t\t<div class=\"elementor-container elementor-column-gap-default\">\n\t\t\t\t\t<div class=\"elementor-column elementor-col-100 elementor-top-column elementor-element elementor-element-ead5554\" data-id=\"ead5554\" data-element_type=\"column\" data-e-type=\"column\" data-settings=\"{&quot;background_background&quot;:&quot;classic&quot;}\">\n\t\t\t<div class=\"elementor-widget-wrap elementor-element-populated\">\n\t\t\t\t\t\t<div class=\"elementor-element elementor-element-9457541 elementor-grid-3 elementor-grid-tablet-2 elementor-grid-mobile-1 elementor-posts--thumbnail-top elementor-card-shadow-yes elementor-posts__hover-gradient elementor-widget elementor-widget-posts\" data-id=\"9457541\" data-element_type=\"widget\" data-e-type=\"widget\" data-settings=\"{&quot;cards_columns&quot;:&quot;3&quot;,&quot;cards_columns_tablet&quot;:&quot;2&quot;,&quot;cards_columns_mobile&quot;:&quot;1&quot;,&quot;cards_row_gap&quot;:{&quot;unit&quot;:&quot;px&quot;,&quot;size&quot;:35,&quot;sizes&quot;:[]},&quot;cards_row_gap_tablet&quot;:{&quot;unit&quot;:&quot;px&quot;,&quot;size&quot;:&quot;&quot;,&quot;sizes&quot;:[]},&quot;cards_row_gap_mobile&quot;:{&quot;unit&quot;:&quot;px&quot;,&quot;size&quot;:&quot;&quot;,&quot;sizes&quot;:[]}}\" data-widget_type=\"posts.cards\">\n\t\t\t\t<div class=\"elementor-widget-container\">\n\t\t\t\t\t\t\t<div class=\"elementor-posts-container elementor-posts elementor-posts--skin-cards elementor-grid\" role=\"list\">\n\t\t\t\t<article class=\"elementor-post elementor-grid-item post-2804 post type-post status-publish format-standard has-post-thumbnail hentry category-noticias\" role=\"listitem\">\n\t\t\t<div class=\"elementor-post__card\">\n\t\t\t\t<a class=\"elementor-post__thumbnail__link\" href=\"https:\/\/aliampsi.com\/?p=2804\" tabindex=\"-1\" ><div class=\"elementor-post__thumbnail\"><img fetchpriority=\"high\" decoding=\"async\" width=\"600\" height=\"400\" src=\"https:\/\/aliampsi.com\/wp-content\/uploads\/2025\/09\/vista-de-cinta-amarilla-con-manos-humanas-scaled-e1758188653306.jpg\" class=\"attachment-full size-full wp-image-2807\" alt=\"\" \/><\/div><\/a>\n\t\t\t\t<div class=\"elementor-post__badge\">Noticias<\/div>\n\t\t\t\t<div class=\"elementor-post__text\">\n\t\t\t\t<h3 class=\"elementor-post__title\">\n\t\t\t<a href=\"https:\/\/aliampsi.com\/?p=2804\" >\n\t\t\t\tD\u00eda Mundial de la Prevenci\u00f3n del Suicidio\t\t\t<\/a>\n\t\t<\/h3>\n\t\t\n\t\t<a class=\"elementor-post__read-more\" href=\"https:\/\/aliampsi.com\/?p=2804\" aria-label=\"M\u00e1s informaci\u00f3n sobre D\u00eda Mundial de la Prevenci\u00f3n del Suicidio\" tabindex=\"-1\" >\n\t\t\tLeer m\u00e1s \u00bb\t\t<\/a>\n\n\t\t\t\t<\/div>\n\t\t\t\t<div class=\"elementor-post__meta-data\">\n\t\t\t\t\t<span class=\"elementor-post-date\">\n\t\t\t18\/09\/2025\t\t<\/span>\n\t\t\t\t<\/div>\n\t\t\t\t\t<\/div>\n\t\t<\/article>\n\t\t\t\t<article class=\"elementor-post elementor-grid-item post-2658 post type-post status-publish format-standard has-post-thumbnail hentry category-noticias\" role=\"listitem\">\n\t\t\t<div class=\"elementor-post__card\">\n\t\t\t\t<a class=\"elementor-post__thumbnail__link\" href=\"https:\/\/aliampsi.com\/?p=2658\" tabindex=\"-1\" ><div class=\"elementor-post__thumbnail\"><img decoding=\"async\" width=\"646\" height=\"474\" src=\"https:\/\/aliampsi.com\/wp-content\/uploads\/2025\/04\/Captura-de-pantalla-2025-04-08-a-las-16.36.46.png\" class=\"attachment-full size-full wp-image-2661\" alt=\"\" srcset=\"https:\/\/aliampsi.com\/wp-content\/uploads\/2025\/04\/Captura-de-pantalla-2025-04-08-a-las-16.36.46.png 646w, https:\/\/aliampsi.com\/wp-content\/uploads\/2025\/04\/Captura-de-pantalla-2025-04-08-a-las-16.36.46-300x220.png 300w\" sizes=\"(max-width: 646px) 100vw, 646px\" \/><\/div><\/a>\n\t\t\t\t<div class=\"elementor-post__badge\">Noticias<\/div>\n\t\t\t\t<div class=\"elementor-post__text\">\n\t\t\t\t<h3 class=\"elementor-post__title\">\n\t\t\t<a href=\"https:\/\/aliampsi.com\/?p=2658\" >\n\t\t\t\tCon motivo del Dia Mundial del Trastorno Bipolar, que se celebra el 30 de marzo, Gisella Vargas de Per\u00fa nos facilita la siguiente infograf\u00eda con informaci\u00f3n para los\/as ni\u00f1os\/as, adolescentes y sus familias.\t\t\t<\/a>\n\t\t<\/h3>\n\t\t\n\t\t<a class=\"elementor-post__read-more\" href=\"https:\/\/aliampsi.com\/?p=2658\" aria-label=\"M\u00e1s informaci\u00f3n sobre Con motivo del Dia Mundial del Trastorno Bipolar, que se celebra el 30 de marzo, Gisella Vargas de Per\u00fa nos facilita la siguiente infograf\u00eda con informaci\u00f3n para los\/as ni\u00f1os\/as, adolescentes y sus familias.\" tabindex=\"-1\" >\n\t\t\tLeer m\u00e1s \u00bb\t\t<\/a>\n\n\t\t\t\t<\/div>\n\t\t\t\t<div class=\"elementor-post__meta-data\">\n\t\t\t\t\t<span class=\"elementor-post-date\">\n\t\t\t08\/04\/2025\t\t<\/span>\n\t\t\t\t<\/div>\n\t\t\t\t\t<\/div>\n\t\t<\/article>\n\t\t\t\t<article class=\"elementor-post elementor-grid-item post-2647 post type-post status-publish format-standard has-post-thumbnail hentry category-noticias\" role=\"listitem\">\n\t\t\t<div class=\"elementor-post__card\">\n\t\t\t\t<a class=\"elementor-post__thumbnail__link\" href=\"https:\/\/aliampsi.com\/?p=2647\" tabindex=\"-1\" ><div class=\"elementor-post__thumbnail\"><img decoding=\"async\" width=\"312\" height=\"400\" src=\"https:\/\/aliampsi.com\/wp-content\/uploads\/2025\/04\/Captura-de-pantalla-2025-04-08-a-las-16.33.05-e1744122835150.png\" class=\"attachment-full size-full wp-image-2653\" alt=\"\" \/><\/div><\/a>\n\t\t\t\t<div class=\"elementor-post__badge\">Noticias<\/div>\n\t\t\t\t<div class=\"elementor-post__text\">\n\t\t\t\t<h3 class=\"elementor-post__title\">\n\t\t\t<a href=\"https:\/\/aliampsi.com\/?p=2647\" >\n\t\t\t\tLuisa L\u00e1zaro, presidenta de AL.IAM.PSI, fue invitada por la Asociaci\u00f3n Mexicana de Psiquiatr\u00eda Infantil (AMPI) para participar en el XXIV Congreso Nacional de AMPI (31 de enero-2 de febrero de 2025).\t\t\t<\/a>\n\t\t<\/h3>\n\t\t\n\t\t<a class=\"elementor-post__read-more\" href=\"https:\/\/aliampsi.com\/?p=2647\" aria-label=\"M\u00e1s informaci\u00f3n sobre Luisa L\u00e1zaro, presidenta de AL.IAM.PSI, fue invitada por la Asociaci\u00f3n Mexicana de Psiquiatr\u00eda Infantil (AMPI) para participar en el XXIV Congreso Nacional de AMPI (31 de enero-2 de febrero de 2025).\" tabindex=\"-1\" >\n\t\t\tLeer m\u00e1s \u00bb\t\t<\/a>\n\n\t\t\t\t<\/div>\n\t\t\t\t<div class=\"elementor-post__meta-data\">\n\t\t\t\t\t<span class=\"elementor-post-date\">\n\t\t\t08\/04\/2025\t\t<\/span>\n\t\t\t\t<\/div>\n\t\t\t\t\t<\/div>\n\t\t<\/article>\n\t\t\t\t<article class=\"elementor-post elementor-grid-item post-2121 post type-post status-publish format-standard has-post-thumbnail hentry category-noticias\" role=\"listitem\">\n\t\t\t<div class=\"elementor-post__card\">\n\t\t\t\t<a class=\"elementor-post__thumbnail__link\" href=\"https:\/\/aliampsi.com\/?p=2121\" tabindex=\"-1\" ><div class=\"elementor-post__thumbnail\"><img loading=\"lazy\" decoding=\"async\" width=\"1570\" height=\"2560\" src=\"https:\/\/aliampsi.com\/wp-content\/uploads\/2022\/12\/DISEN\u0303O-scaled.jpg\" class=\"attachment-full size-full wp-image-2122\" alt=\"\" srcset=\"https:\/\/aliampsi.com\/wp-content\/uploads\/2022\/12\/DISEN\u0303O-scaled.jpg 1570w, https:\/\/aliampsi.com\/wp-content\/uploads\/2022\/12\/DISEN\u0303O-184x300.jpg 184w, https:\/\/aliampsi.com\/wp-content\/uploads\/2022\/12\/DISEN\u0303O-628x1024.jpg 628w, https:\/\/aliampsi.com\/wp-content\/uploads\/2022\/12\/DISEN\u0303O-768x1252.jpg 768w, https:\/\/aliampsi.com\/wp-content\/uploads\/2022\/12\/DISEN\u0303O-942x1536.jpg 942w, https:\/\/aliampsi.com\/wp-content\/uploads\/2022\/12\/DISEN\u0303O-1256x2048.jpg 1256w\" sizes=\"(max-width: 1570px) 100vw, 1570px\" \/><\/div><\/a>\n\t\t\t\t<div class=\"elementor-post__badge\">Noticias<\/div>\n\t\t\t\t<div class=\"elementor-post__text\">\n\t\t\t\t<h3 class=\"elementor-post__title\">\n\t\t\t<a href=\"https:\/\/aliampsi.com\/?p=2121\" >\n\t\t\t\tDIC 9 Y 10 | \u00abEl encuentro psicoterap\u00e9utico entre un psiquiatra de ni\u00f1os y adolescentes y un menor\u00bb\t\t\t<\/a>\n\t\t<\/h3>\n\t\t\n\t\t<a class=\"elementor-post__read-more\" href=\"https:\/\/aliampsi.com\/?p=2121\" aria-label=\"M\u00e1s informaci\u00f3n sobre DIC 9 Y 10 | \u00abEl encuentro psicoterap\u00e9utico entre un psiquiatra de ni\u00f1os y adolescentes y un menor\u00bb\" tabindex=\"-1\" >\n\t\t\tLeer m\u00e1s \u00bb\t\t<\/a>\n\n\t\t\t\t<\/div>\n\t\t\t\t<div class=\"elementor-post__meta-data\">\n\t\t\t\t\t<span class=\"elementor-post-date\">\n\t\t\t30\/11\/2022\t\t<\/span>\n\t\t\t\t<\/div>\n\t\t\t\t\t<\/div>\n\t\t<\/article>\n\t\t\t\t<article class=\"elementor-post elementor-grid-item post-1912 post type-post status-publish format-standard has-post-thumbnail hentry category-noticias\" role=\"listitem\">\n\t\t\t<div class=\"elementor-post__card\">\n\t\t\t\t<a class=\"elementor-post__thumbnail__link\" href=\"https:\/\/aliampsi.com\/?p=1912\" tabindex=\"-1\" ><div class=\"elementor-post__thumbnail\"><img loading=\"lazy\" decoding=\"async\" width=\"1080\" height=\"1080\" src=\"https:\/\/aliampsi.com\/wp-content\/uploads\/2022\/06\/9-1.png\" class=\"attachment-full size-full wp-image-1789\" alt=\"\" srcset=\"https:\/\/aliampsi.com\/wp-content\/uploads\/2022\/06\/9-1.png 1080w, https:\/\/aliampsi.com\/wp-content\/uploads\/2022\/06\/9-1-300x300.png 300w, https:\/\/aliampsi.com\/wp-content\/uploads\/2022\/06\/9-1-1024x1024.png 1024w, https:\/\/aliampsi.com\/wp-content\/uploads\/2022\/06\/9-1-150x150.png 150w, https:\/\/aliampsi.com\/wp-content\/uploads\/2022\/06\/9-1-768x768.png 768w\" sizes=\"(max-width: 1080px) 100vw, 1080px\" \/><\/div><\/a>\n\t\t\t\t<div class=\"elementor-post__badge\">Noticias<\/div>\n\t\t\t\t<div class=\"elementor-post__text\">\n\t\t\t\t<h3 class=\"elementor-post__title\">\n\t\t\t<a href=\"https:\/\/aliampsi.com\/?p=1912\" >\n\t\t\t\tAL\u00b7IAM\u00b7PSI en el Congreso Internacional de Salud Mental en Ni\u00f1os y Adolescentes de ACP\t\t\t<\/a>\n\t\t<\/h3>\n\t\t\n\t\t<a class=\"elementor-post__read-more\" href=\"https:\/\/aliampsi.com\/?p=1912\" aria-label=\"M\u00e1s informaci\u00f3n sobre AL\u00b7IAM\u00b7PSI en el Congreso Internacional de Salud Mental en Ni\u00f1os y Adolescentes de ACP\" tabindex=\"-1\" >\n\t\t\tLeer m\u00e1s \u00bb\t\t<\/a>\n\n\t\t\t\t<\/div>\n\t\t\t\t<div class=\"elementor-post__meta-data\">\n\t\t\t\t\t<span class=\"elementor-post-date\">\n\t\t\t05\/06\/2022\t\t<\/span>\n\t\t\t\t<\/div>\n\t\t\t\t\t<\/div>\n\t\t<\/article>\n\t\t\t\t<article class=\"elementor-post elementor-grid-item post-1470 post type-post status-publish format-standard has-post-thumbnail hentry category-noticias\" role=\"listitem\">\n\t\t\t<div class=\"elementor-post__card\">\n\t\t\t\t<a class=\"elementor-post__thumbnail__link\" href=\"https:\/\/aliampsi.com\/?p=1470\" tabindex=\"-1\" ><div class=\"elementor-post__thumbnail\"><img loading=\"lazy\" decoding=\"async\" width=\"1080\" height=\"1080\" src=\"https:\/\/aliampsi.com\/wp-content\/uploads\/2022\/06\/281239015_426268599503802_5902501865256685851_n.png\" class=\"attachment-full size-full wp-image-1476\" alt=\"\" srcset=\"https:\/\/aliampsi.com\/wp-content\/uploads\/2022\/06\/281239015_426268599503802_5902501865256685851_n.png 1080w, https:\/\/aliampsi.com\/wp-content\/uploads\/2022\/06\/281239015_426268599503802_5902501865256685851_n-300x300.png 300w, https:\/\/aliampsi.com\/wp-content\/uploads\/2022\/06\/281239015_426268599503802_5902501865256685851_n-1024x1024.png 1024w, https:\/\/aliampsi.com\/wp-content\/uploads\/2022\/06\/281239015_426268599503802_5902501865256685851_n-150x150.png 150w, https:\/\/aliampsi.com\/wp-content\/uploads\/2022\/06\/281239015_426268599503802_5902501865256685851_n-768x768.png 768w\" sizes=\"(max-width: 1080px) 100vw, 1080px\" \/><\/div><\/a>\n\t\t\t\t<div class=\"elementor-post__badge\">Noticias<\/div>\n\t\t\t\t<div class=\"elementor-post__text\">\n\t\t\t\t<h3 class=\"elementor-post__title\">\n\t\t\t<a href=\"https:\/\/aliampsi.com\/?p=1470\" >\n\t\t\t\tAL\u00b7IAM\u00b7PSI anunci\u00f3 la 1\u00b0 jornada cient\u00edfica del a\u00f1o\t\t\t<\/a>\n\t\t<\/h3>\n\t\t\n\t\t<a class=\"elementor-post__read-more\" href=\"https:\/\/aliampsi.com\/?p=1470\" aria-label=\"M\u00e1s informaci\u00f3n sobre AL\u00b7IAM\u00b7PSI anunci\u00f3 la 1\u00b0 jornada cient\u00edfica del a\u00f1o\" tabindex=\"-1\" >\n\t\t\tLeer m\u00e1s \u00bb\t\t<\/a>\n\n\t\t\t\t<\/div>\n\t\t\t\t<div class=\"elementor-post__meta-data\">\n\t\t\t\t\t<span class=\"elementor-post-date\">\n\t\t\t25\/04\/2022\t\t<\/span>\n\t\t\t\t<\/div>\n\t\t\t\t\t<\/div>\n\t\t<\/article>\n\t\t\t\t<\/div>\n\t\t\n\t\t\t\t\t\t<\/div>\n\t\t\t\t<\/div>\n\t\t\t\t<div class=\"elementor-element elementor-element-a480007 elementor-grid-1 elementor-grid-tablet-2 elementor-grid-mobile-1 elementor-posts--thumbnail-top elementor-widget elementor-widget-archive-posts\" data-id=\"a480007\" data-element_type=\"widget\" data-e-type=\"widget\" data-settings=\"{&quot;archive_classic_columns&quot;:&quot;1&quot;,&quot;archive_classic_columns_tablet&quot;:&quot;2&quot;,&quot;archive_classic_columns_mobile&quot;:&quot;1&quot;,&quot;archive_classic_row_gap&quot;:{&quot;unit&quot;:&quot;px&quot;,&quot;size&quot;:35,&quot;sizes&quot;:[]},&quot;archive_classic_row_gap_tablet&quot;:{&quot;unit&quot;:&quot;px&quot;,&quot;size&quot;:&quot;&quot;,&quot;sizes&quot;:[]},&quot;archive_classic_row_gap_mobile&quot;:{&quot;unit&quot;:&quot;px&quot;,&quot;size&quot;:&quot;&quot;,&quot;sizes&quot;:[]},&quot;pagination_type&quot;:&quot;numbers&quot;}\" data-widget_type=\"archive-posts.archive_classic\">\n\t\t\t\t<div class=\"elementor-widget-container\">\n\t\t\t\t\t\t\t<div class=\"elementor-posts-container elementor-posts elementor-posts--skin-classic elementor-grid\" role=\"list\">\n\t\t\t\t\t\t<div class=\"elementor-posts-nothing-found\">\n\t\t\t\t\tIt seems we can&#039;t find what you&#039;re looking for.\t\t\t\t<\/div>\n\t\t\t\t\t<\/div>\n\t\t\n\t\t\t\t\t\t<\/div>\n\t\t\t\t<\/div>\n\t\t\t\t\t<\/div>\n\t\t<\/div>\n\t\t\t\t\t<\/div>\n\t\t<\/section>\n\t\t\t\t<\/div>\n\t\t","protected":false},"excerpt":{"rendered":"<p>Noticias<\/p>\n","protected":false},"author":1,"featured_media":0,"parent":0,"menu_order":0,"comment_status":"closed","ping_status":"closed","template":"","meta":{"site-sidebar-layout":"no-sidebar","site-content-layout":"page-builder","ast-site-content-layout":"default","site-content-style":"default","site-sidebar-style":"default","ast-global-header-display":"","ast-banner-title-visibility":"","ast-main-header-display":"","ast-hfb-above-header-display":"","ast-hfb-below-header-display":"","ast-hfb-mobile-header-display":"","site-post-title":"disabled","ast-breadcrumbs-content":"","ast-featured-img":"disabled","footer-sml-layout":"","ast-disable-related-posts":"","theme-transparent-header-meta":"","adv-header-id-meta":"","stick-header-meta":"","header-above-stick-meta":"","header-main-stick-meta":"","header-below-stick-meta":"","astra-migrate-meta-layouts":"default","ast-page-background-enabled":"default","ast-page-background-meta":{"desktop":{"background-color":"","background-image":"","background-repeat":"repeat","background-position":"center center","background-size":"auto","background-attachment":"scroll","background-type":"","background-media":"","overlay-type":"","overlay-color":"","overlay-opacity":"","overlay-gradient":""},"tablet":{"background-color":"","background-image":"","background-repeat":"repeat","background-position":"center center","background-size":"auto","background-attachment":"scroll","background-type":"","background-media":"","overlay-type":"","overlay-color":"","overlay-opacity":"","overlay-gradient":""},"mobile":{"background-color":"","background-image":"","background-repeat":"repeat","background-position":"center center","background-size":"auto","background-attachment":"scroll","background-type":"","background-media":"","overlay-type":"","overlay-color":"","overlay-opacity":"","overlay-gradient":""}},"ast-content-background-meta":{"desktop":{"background-color":"var(--ast-global-color-5)","background-image":"","background-repeat":"repeat","background-position":"center center","background-size":"auto","background-attachment":"scroll","background-type":"","background-media":"","overlay-type":"","overlay-color":"","overlay-opacity":"","overlay-gradient":""},"tablet":{"background-color":"var(--ast-global-color-5)","background-image":"","background-repeat":"repeat","background-position":"center center","background-size":"auto","background-attachment":"scroll","background-type":"","background-media":"","overlay-type":"","overlay-color":"","overlay-opacity":"","overlay-gradient":""},"mobile":{"background-color":"var(--ast-global-color-5)","background-image":"","background-repeat":"repeat","background-position":"center center","background-size":"auto","background-attachment":"scroll","background-type":"","background-media":"","overlay-type":"","overlay-color":"","overlay-opacity":"","overlay-gradient":""}},"footnotes":""},"class_list":["post-1543","page","type-page","status-publish","hentry"],"_links":{"self":[{"href":"https:\/\/aliampsi.com\/index.php?rest_route=\/wp\/v2\/pages\/1543","targetHints":{"allow":["GET"]}}],"collection":[{"href":"https:\/\/aliampsi.com\/index.php?rest_route=\/wp\/v2\/pages"}],"about":[{"href":"https:\/\/aliampsi.com\/index.php?rest_route=\/wp\/v2\/types\/page"}],"author":[{"embeddable":true,"href":"https:\/\/aliampsi.com\/index.php?rest_route=\/wp\/v2\/users\/1"}],"replies":[{"embeddable":true,"href":"https:\/\/aliampsi.com\/index.php?rest_route=%2Fwp%2Fv2%2Fcomments&post=1543"}],"version-history":[{"count":16,"href":"https:\/\/aliampsi.com\/index.php?rest_route=\/wp\/v2\/pages\/1543\/revisions"}],"predecessor-version":[{"id":2272,"href":"https:\/\/aliampsi.com\/index.php?rest_route=\/wp\/v2\/pages\/1543\/revisions\/2272"}],"wp:attachment":[{"href":"https:\/\/aliampsi.com\/index.php?rest_route=%2Fwp%2Fv2%2Fmedia&parent=1543"}],"curies":[{"name":"wp","href":"https:\/\/api.w.org\/{rel}","templated":true}]}}